{"id":36,"date":"2026-01-14T22:00:19","date_gmt":"2026-01-14T22:00:19","guid":{"rendered":"https:\/\/www.kptechnical.pl\/?page_id=36"},"modified":"2026-01-25T16:35:49","modified_gmt":"2026-01-25T16:35:49","slug":"oferta","status":"publish","type":"page","link":"https:\/\/www.kptechnical.pl\/?page_id=36","title":{"rendered":"Oferta"},"content":{"rendered":"\t\t<div data-elementor-type=\"wp-page\" data-elementor-id=\"36\" class=\"elementor elementor-36\">\n\t\t\t\t<div class=\"elementor-element elementor-element-9e18884 e-flex e-con-boxed e-con e-parent\" data-id=\"9e18884\" data-element_type=\"container\" data-e-type=\"container\">\n\t\t\t\t\t<div class=\"e-con-inner\">\n\t\t\t\t<div class=\"elementor-element elementor-element-61c351c elementor-widget elementor-widget-text-editor\" data-id=\"61c351c\" data-element_type=\"widget\" data-e-type=\"widget\" data-widget_type=\"text-editor.default\">\n\t\t\t\t\t\t\t\t\t<h2 data-start=\"1407\" data-end=\"1463\">Oferta<strong data-start=\"1410\" data-end=\"1463\"> \u2014 Cz\u0119\u015bci zamienne i rozwi\u0105zania techniczne<\/strong><\/h2><p data-start=\"1465\" data-end=\"1766\">W KP Technical wierzymy, \u017ce <strong data-start=\"1493\" data-end=\"1566\">ka\u017cde zapytanie jest inne \u2014 tak jak ka\u017cda maszyna i linia produkcyjna<\/strong>.<br data-start=\"1567\" data-end=\"1570\" \/>Dlatego <strong data-start=\"1578\" data-end=\"1623\">nie publikujemy jednego katalogu z cenami<\/strong>, lecz przygotowujemy <strong data-start=\"1645\" data-end=\"1697\">ofert\u0119 dopasowan\u0105 do konkretnego zapotrzebowania<\/strong>, opartego na parametrach technicznych, ilo\u015bci i terminie realizacji.<\/p><p data-start=\"1768\" data-end=\"1972\">Zapraszamy do kontaktu z dok\u0142adnymi informacjami, a my:<br \/><img decoding=\"async\" class=\"emoji\" role=\"img\" draggable=\"false\" src=\"https:\/\/s.w.org\/images\/core\/emoji\/17.0.2\/svg\/2714.svg\" alt=\"\u2714\" \/> sprawdzimy dost\u0119pno\u015b\u0107 cz\u0119\u015bci<br data-start=\"1854\" data-end=\"1857\" \/><img decoding=\"async\" class=\"emoji\" role=\"img\" draggable=\"false\" src=\"https:\/\/s.w.org\/images\/core\/emoji\/17.0.2\/svg\/2714.svg\" alt=\"\u2714\" \/> dobierzemy w\u0142a\u015bciwe rozwi\u0105zanie<br data-start=\"1890\" data-end=\"1893\" \/><img decoding=\"async\" class=\"emoji\" role=\"img\" draggable=\"false\" src=\"https:\/\/s.w.org\/images\/core\/emoji\/17.0.2\/svg\/2714.svg\" alt=\"\u2714\" \/> przedstawimy klarown\u0105 ofert\u0119 cenow\u0105<br data-start=\"1930\" data-end=\"1933\" \/><img decoding=\"async\" class=\"emoji\" role=\"img\" draggable=\"false\" src=\"https:\/\/s.w.org\/images\/core\/emoji\/17.0.2\/svg\/2714.svg\" alt=\"\u2714\" \/> podamy orientacyjny termin realizacji<\/p><hr data-start=\"1974\" data-end=\"1977\" \/><h2 data-start=\"1979\" data-end=\"2021\"><img decoding=\"async\" class=\"emoji\" role=\"img\" draggable=\"false\" src=\"https:\/\/s.w.org\/images\/core\/emoji\/17.0.2\/svg\/1f539.svg\" alt=\"\ud83d\udd39\" \/> <strong data-start=\"1985\" data-end=\"2021\">Co mo\u017cemy dla Ciebie przygotowa\u0107<\/strong><\/h2><h3 data-start=\"2023\" data-end=\"2048\"><strong data-start=\"2027\" data-end=\"2048\">Pompy przemys\u0142owe<\/strong><\/h3><ul data-start=\"2049\" data-end=\"2125\"><li data-start=\"2049\" data-end=\"2064\"><p data-start=\"2051\" data-end=\"2064\">pompy \u015brubowe<\/p><\/li><li data-start=\"2065\" data-end=\"2077\"><p data-start=\"2067\" data-end=\"2077\">membranowe<\/p><\/li><li data-start=\"2078\" data-end=\"2092\"><p data-start=\"2080\" data-end=\"2092\">pompy wirowe<\/p><\/li><li data-start=\"2093\" data-end=\"2125\"><p data-start=\"2095\" data-end=\"2125\">naprawy i doradztwo techniczne<\/p><\/li><\/ul><h3 data-start=\"2127\" data-end=\"2155\"><strong data-start=\"2131\" data-end=\"2155\">Nap\u0119dy i przek\u0142adnie<\/strong><\/h3><ul data-start=\"2156\" data-end=\"2241\"><li data-start=\"2156\" data-end=\"2167\"><p data-start=\"2158\" data-end=\"2167\">reduktory<\/p><\/li><li data-start=\"2168\" data-end=\"2188\"><p data-start=\"2170\" data-end=\"2188\">nap\u0119dy mechaniczne<\/p><\/li><li data-start=\"2189\" data-end=\"2218\"><p data-start=\"2191\" data-end=\"2218\">dorabianie wa\u0142\u00f3w nap\u0119dowych<\/p><\/li><li data-start=\"2219\" data-end=\"2241\"><p data-start=\"2221\" data-end=\"2241\">regeneracja i serwis<\/p><\/li><\/ul><h3 data-start=\"2243\" data-end=\"2273\"><strong data-start=\"2247\" data-end=\"2273\">Automatyka przemys\u0142owa<\/strong><\/h3><ul data-start=\"2274\" data-end=\"2347\"><li data-start=\"2274\" data-end=\"2309\"><p data-start=\"2276\" data-end=\"2309\">diagnostyka i naprawa sterownik\u00f3w<\/p><\/li><li data-start=\"2310\" data-end=\"2323\"><p data-start=\"2312\" data-end=\"2323\">systemy PLC<\/p><\/li><li data-start=\"2324\" data-end=\"2347\"><p data-start=\"2326\" data-end=\"2347\">ekspertyzy techniczne<\/p><\/li><\/ul><h3 data-start=\"2349\" data-end=\"2396\"><strong data-start=\"2353\" data-end=\"2396\">\u0141o\u017cyska i elementy przeniesienia nap\u0119du<\/strong><\/h3><ul data-start=\"2397\" data-end=\"2480\"><li data-start=\"2397\" data-end=\"2432\"><p data-start=\"2399\" data-end=\"2432\">\u0142o\u017cyska kulkowe, rolkowe, liniowe<\/p><\/li><li data-start=\"2433\" data-end=\"2446\"><p data-start=\"2435\" data-end=\"2446\">pasy z\u0119bate<\/p><\/li><li data-start=\"2447\" data-end=\"2466\"><p data-start=\"2449\" data-end=\"2466\">\u0142a\u0144cuchy nap\u0119dowe<\/p><\/li><li data-start=\"2467\" data-end=\"2480\"><p data-start=\"2469\" data-end=\"2480\">ko\u0142a z\u0119bate<\/p><\/li><\/ul><h3 data-start=\"2482\" data-end=\"2500\"><strong data-start=\"2486\" data-end=\"2500\">Pneumatyka<\/strong><\/h3><ul data-start=\"2501\" data-end=\"2577\"><li data-start=\"2501\" data-end=\"2531\"><p data-start=\"2503\" data-end=\"2531\">si\u0142owniki, reduktory, z\u0142\u0105cza<\/p><\/li><li data-start=\"2532\" data-end=\"2577\"><p data-start=\"2534\" data-end=\"2577\">komponenty pneumatyczne do urz\u0105dze\u0144 i linii<\/p><\/li><\/ul><h3 data-start=\"2579\" data-end=\"2615\"><strong data-start=\"2583\" data-end=\"2615\">Filtry i systemy filtracyjne<\/strong><\/h3><ul data-start=\"2616\" data-end=\"2696\"><li data-start=\"2616\" data-end=\"2634\"><p data-start=\"2618\" data-end=\"2634\">filtry powietrza<\/p><\/li><li data-start=\"2635\" data-end=\"2659\"><p data-start=\"2637\" data-end=\"2659\">patronowe do odpylaczy<\/p><\/li><li data-start=\"2660\" data-end=\"2696\"><p data-start=\"2662\" data-end=\"2696\">elementy do system\u00f3w filtracyjnych<\/p><\/li><\/ul><h3 data-start=\"2698\" data-end=\"2737\"><strong data-start=\"2702\" data-end=\"2737\">Druk 3D i cz\u0119\u015bci niestandardowe<\/strong><\/h3><ul data-start=\"2738\" data-end=\"2789\"><li data-start=\"2738\" data-end=\"2758\"><p data-start=\"2740\" data-end=\"2758\">cz\u0119\u015bci prototypowe<\/p><\/li><li data-start=\"2759\" data-end=\"2789\"><p data-start=\"2761\" data-end=\"2789\">nietypowe elementy do maszyn<\/p><\/li><\/ul><h3 data-start=\"2791\" data-end=\"2834\"><strong data-start=\"2795\" data-end=\"2834\">Narz\u0119dzia r\u0119czne i elektronarz\u0119dzia<\/strong><\/h3><ul data-start=\"2835\" data-end=\"2925\"><li data-start=\"2835\" data-end=\"2863\"><p data-start=\"2837\" data-end=\"2863\">klucze, \u015brubokr\u0119ty, m\u0142otki<\/p><\/li><li data-start=\"2864\" data-end=\"2901\"><p data-start=\"2866\" data-end=\"2901\">wkr\u0119tarki, szlifierki akumulatorowe<\/p><\/li><li data-start=\"2902\" data-end=\"2925\"><p data-start=\"2904\" data-end=\"2925\">narz\u0119dzia warsztatowe<\/p><\/li><\/ul><hr data-start=\"2927\" data-end=\"2930\" \/><h2 data-start=\"2932\" data-end=\"2971\"><img decoding=\"async\" class=\"emoji\" role=\"img\" draggable=\"false\" src=\"https:\/\/s.w.org\/images\/core\/emoji\/17.0.2\/svg\/1f4e3.svg\" alt=\"\ud83d\udce3\" \/> <strong data-start=\"2938\" data-end=\"2971\">Jak z\u0142o\u017cy\u0107 zapytanie ofertowe<\/strong><\/h2><p data-start=\"2973\" data-end=\"3065\">Aby\u015bmy mogli przygotowa\u0107 ofert\u0119 dopasowan\u0105 do Twoich potrzeb, prosimy o podanie w zapytaniu:<\/p><ol data-start=\"3067\" data-end=\"3206\"><li data-start=\"3067\" data-end=\"3092\"><p data-start=\"3070\" data-end=\"3092\"><strong data-start=\"3070\" data-end=\"3092\">Nazwa i\/lub typ cz\u0119\u015bci<\/strong><\/p><\/li><li data-start=\"3093\" data-end=\"3120\"><p data-start=\"3096\" data-end=\"3120\"><strong data-start=\"3096\" data-end=\"3120\">Parametry techniczne<\/strong><\/p><\/li><li data-start=\"3121\" data-end=\"3139\"><p data-start=\"3124\" data-end=\"3139\"><strong data-start=\"3124\" data-end=\"3139\">Ilo\u015b\u0107 sztuk<\/strong><\/p><\/li><li data-start=\"3140\" data-end=\"3164\"><p data-start=\"3143\" data-end=\"3164\"><strong data-start=\"3143\" data-end=\"3164\">Termin realizacji <\/strong>(domy\u015blamy si\u0119, \u017ce &#8222;na wczoraj&#8221; \u263a)<\/p><\/li><li data-start=\"3165\" data-end=\"3206\"><p data-start=\"3168\" data-end=\"3206\">(opcjonalnie) zdj\u0119cia lub dokumentacja<\/p><\/li><\/ol><hr data-start=\"3208\" data-end=\"3211\" \/><h2 data-start=\"3213\" data-end=\"3244\"><img decoding=\"async\" class=\"emoji\" role=\"img\" draggable=\"false\" src=\"https:\/\/s.w.org\/images\/core\/emoji\/17.0.2\/svg\/1f4de.svg\" alt=\"\ud83d\udcde\" \/> <strong data-start=\"3219\" data-end=\"3244\">Skontaktuj si\u0119 z nami<\/strong><\/h2><p data-start=\"3245\" data-end=\"3319\">Masz zapytanie ofertowe?<br data-start=\"3269\" data-end=\"3272\" \/>Napisz lub zadzwo\u0144 \u2014 odpowiemy mo\u017cliwie szybko:<\/p><p data-start=\"3321\" data-end=\"3392\"><img decoding=\"async\" class=\"emoji\" role=\"img\" draggable=\"false\" src=\"https:\/\/s.w.org\/images\/core\/emoji\/17.0.2\/svg\/1f4e7.svg\" alt=\"\ud83d\udce7\" \/> <strong data-start=\"3324\" data-end=\"3334\">Email:<\/strong> <a class=\"decorated-link cursor-pointer\" rel=\"noopener\" data-start=\"3335\" data-end=\"3357\">biuro@kptechnical.pl<\/a><br data-start=\"3357\" data-end=\"3360\" \/><img decoding=\"async\" class=\"emoji\" role=\"img\" draggable=\"false\" src=\"https:\/\/s.w.org\/images\/core\/emoji\/17.0.2\/svg\/1f4de.svg\" alt=\"\ud83d\udcde\" \/> <strong data-start=\"3363\" data-end=\"3375\">Telefon:<\/strong> <em data-start=\"3376\" data-end=\"3392\">783 483 212<\/em><\/p>\t\t\t\t\t\t\t\t<\/div>\n\t\t\t\t\t<\/div>\n\t\t\t\t<\/div>\n\t\t\t\t<\/div>\n\t\t","protected":false},"excerpt":{"rendered":"<p>Oferta \u2014 Cz\u0119\u015bci zamienne i rozwi\u0105zania techniczne W KP Technical wierzymy, \u017ce ka\u017cde zapytanie jest inne \u2014 tak jak ka\u017cda [&hellip;]<\/p>\n","protected":false},"author":1,"featured_media":0,"parent":0,"menu_order":0,"comment_status":"closed","ping_status":"closed","template":"","meta":{"site-sidebar-layout":"no-sidebar","site-content-layout":"","ast-site-content-layout":"full-width-container","site-content-style":"default","site-sidebar-style":"default","ast-global-header-display":"","ast-banner-title-visibility":"","ast-main-header-display":"","ast-hfb-above-header-display":"","ast-hfb-below-header-display":"","ast-hfb-mobile-header-display":"","site-post-title":"disabled","ast-breadcrumbs-content":"","ast-featured-img":"disabled","footer-sml-layout":"","ast-disable-related-posts":"","theme-transparent-header-meta":"","adv-header-id-meta":"","stick-header-meta":"","header-above-stick-meta":"","header-main-stick-meta":"","header-below-stick-meta":"","astra-migrate-meta-layouts":"default","ast-page-background-enabled":"default","ast-page-background-meta":{"desktop":{"background-color":"var(--ast-global-color-5)","background-image":"","background-repeat":"repeat","background-position":"center center","background-size":"auto","background-attachment":"scroll","background-type":"","background-media":"","overlay-type":"","overlay-color":"","overlay-opacity":"","overlay-gradient":""},"tablet":{"background-color":"","background-image":"","background-repeat":"repeat","background-position":"center center","background-size":"auto","background-attachment":"scroll","background-type":"","background-media":"","overlay-type":"","overlay-color":"","overlay-opacity":"","overlay-gradient":""},"mobile":{"background-color":"","background-image":"","background-repeat":"repeat","background-position":"center center","background-size":"auto","background-attachment":"scroll","background-type":"","background-media":"","overlay-type":"","overlay-color":"","overlay-opacity":"","overlay-gradient":""}},"ast-content-background-meta":{"desktop":{"background-color":"var(--ast-global-color-4)","background-image":"","background-repeat":"repeat","background-position":"center center","background-size":"auto","background-attachment":"scroll","background-type":"","background-media":"","overlay-type":"","overlay-color":"","overlay-opacity":"","overlay-gradient":""},"tablet":{"background-color":"var(--ast-global-color-4)","background-image":"","background-repeat":"repeat","background-position":"center center","background-size":"auto","background-attachment":"scroll","background-type":"","background-media":"","overlay-type":"","overlay-color":"","overlay-opacity":"","overlay-gradient":""},"mobile":{"background-color":"var(--ast-global-color-4)","background-image":"","background-repeat":"repeat","background-position":"center center","background-size":"auto","background-attachment":"scroll","background-type":"","background-media":"","overlay-type":"","overlay-color":"","overlay-opacity":"","overlay-gradient":""}},"footnotes":""},"class_list":["post-36","page","type-page","status-publish","hentry"],"yoast_head":"<!-- This site is optimized with the Yoast SEO plugin v27.4 - https:\/\/yoast.com\/product\/yoast-seo-wordpress\/ -->\n<title>Oferta -<\/title>\n<meta name=\"robots\" content=\"index, follow, max-snippet:-1, max-image-preview:large, max-video-preview:-1\" \/>\n<link rel=\"canonical\" href=\"http:\/\/www.kptechnical.pl\/?page_id=36\" \/>\n<meta property=\"og:locale\" content=\"pl_PL\" \/>\n<meta property=\"og:type\" content=\"article\" \/>\n<meta property=\"og:title\" content=\"Oferta -\" \/>\n<meta property=\"og:description\" content=\"Oferta \u2014 Cz\u0119\u015bci zamienne i rozwi\u0105zania techniczne W KP Technical wierzymy, \u017ce ka\u017cde zapytanie jest inne \u2014 tak jak ka\u017cda [&hellip;]\" \/>\n<meta property=\"og:url\" content=\"http:\/\/www.kptechnical.pl\/?page_id=36\" \/>\n<meta property=\"article:modified_time\" content=\"2026-01-25T16:35:49+00:00\" \/>\n<meta property=\"og:image\" content=\"https:\/\/s.w.org\/images\/core\/emoji\/17.0.2\/svg\/2714.svg\" \/>\n<meta name=\"twitter:card\" content=\"summary_large_image\" \/>\n<script type=\"application\/ld+json\" class=\"yoast-schema-graph\">{\"@context\":\"https:\\\/\\\/schema.org\",\"@graph\":[{\"@type\":\"WebPage\",\"@id\":\"http:\\\/\\\/www.kptechnical.pl\\\/?page_id=36\",\"url\":\"http:\\\/\\\/www.kptechnical.pl\\\/?page_id=36\",\"name\":\"Oferta -\",\"isPartOf\":{\"@id\":\"http:\\\/\\\/www.kptechnical.pl\\\/#website\"},\"primaryImageOfPage\":{\"@id\":\"http:\\\/\\\/www.kptechnical.pl\\\/?page_id=36#primaryimage\"},\"image\":{\"@id\":\"http:\\\/\\\/www.kptechnical.pl\\\/?page_id=36#primaryimage\"},\"thumbnailUrl\":\"https:\\\/\\\/s.w.org\\\/images\\\/core\\\/emoji\\\/17.0.2\\\/svg\\\/2714.svg\",\"datePublished\":\"2026-01-14T22:00:19+00:00\",\"dateModified\":\"2026-01-25T16:35:49+00:00\",\"breadcrumb\":{\"@id\":\"http:\\\/\\\/www.kptechnical.pl\\\/?page_id=36#breadcrumb\"},\"inLanguage\":\"pl-PL\",\"potentialAction\":[{\"@type\":\"ReadAction\",\"target\":[\"http:\\\/\\\/www.kptechnical.pl\\\/?page_id=36\"]}]},{\"@type\":\"ImageObject\",\"inLanguage\":\"pl-PL\",\"@id\":\"http:\\\/\\\/www.kptechnical.pl\\\/?page_id=36#primaryimage\",\"url\":\"https:\\\/\\\/s.w.org\\\/images\\\/core\\\/emoji\\\/17.0.2\\\/svg\\\/2714.svg\",\"contentUrl\":\"https:\\\/\\\/s.w.org\\\/images\\\/core\\\/emoji\\\/17.0.2\\\/svg\\\/2714.svg\"},{\"@type\":\"BreadcrumbList\",\"@id\":\"http:\\\/\\\/www.kptechnical.pl\\\/?page_id=36#breadcrumb\",\"itemListElement\":[{\"@type\":\"ListItem\",\"position\":1,\"name\":\"Strona g\u0142\u00f3wna\",\"item\":\"http:\\\/\\\/www.kptechnical.pl\\\/\"},{\"@type\":\"ListItem\",\"position\":2,\"name\":\"Oferta\"}]},{\"@type\":\"WebSite\",\"@id\":\"http:\\\/\\\/www.kptechnical.pl\\\/#website\",\"url\":\"http:\\\/\\\/www.kptechnical.pl\\\/\",\"name\":\"\",\"description\":\"\",\"potentialAction\":[{\"@type\":\"SearchAction\",\"target\":{\"@type\":\"EntryPoint\",\"urlTemplate\":\"http:\\\/\\\/www.kptechnical.pl\\\/?s={search_term_string}\"},\"query-input\":{\"@type\":\"PropertyValueSpecification\",\"valueRequired\":true,\"valueName\":\"search_term_string\"}}],\"inLanguage\":\"pl-PL\"}]}<\/script>\n<!-- \/ Yoast SEO plugin. -->","yoast_head_json":{"title":"Oferta -","robots":{"index":"index","follow":"follow","max-snippet":"max-snippet:-1","max-image-preview":"max-image-preview:large","max-video-preview":"max-video-preview:-1"},"canonical":"http:\/\/www.kptechnical.pl\/?page_id=36","og_locale":"pl_PL","og_type":"article","og_title":"Oferta -","og_description":"Oferta \u2014 Cz\u0119\u015bci zamienne i rozwi\u0105zania techniczne W KP Technical wierzymy, \u017ce ka\u017cde zapytanie jest inne \u2014 tak jak ka\u017cda [&hellip;]","og_url":"http:\/\/www.kptechnical.pl\/?page_id=36","article_modified_time":"2026-01-25T16:35:49+00:00","og_image":[{"url":"https:\/\/s.w.org\/images\/core\/emoji\/17.0.2\/svg\/2714.svg","type":"","width":"","height":""}],"twitter_card":"summary_large_image","schema":{"@context":"https:\/\/schema.org","@graph":[{"@type":"WebPage","@id":"http:\/\/www.kptechnical.pl\/?page_id=36","url":"http:\/\/www.kptechnical.pl\/?page_id=36","name":"Oferta -","isPartOf":{"@id":"http:\/\/www.kptechnical.pl\/#website"},"primaryImageOfPage":{"@id":"http:\/\/www.kptechnical.pl\/?page_id=36#primaryimage"},"image":{"@id":"http:\/\/www.kptechnical.pl\/?page_id=36#primaryimage"},"thumbnailUrl":"https:\/\/s.w.org\/images\/core\/emoji\/17.0.2\/svg\/2714.svg","datePublished":"2026-01-14T22:00:19+00:00","dateModified":"2026-01-25T16:35:49+00:00","breadcrumb":{"@id":"http:\/\/www.kptechnical.pl\/?page_id=36#breadcrumb"},"inLanguage":"pl-PL","potentialAction":[{"@type":"ReadAction","target":["http:\/\/www.kptechnical.pl\/?page_id=36"]}]},{"@type":"ImageObject","inLanguage":"pl-PL","@id":"http:\/\/www.kptechnical.pl\/?page_id=36#primaryimage","url":"https:\/\/s.w.org\/images\/core\/emoji\/17.0.2\/svg\/2714.svg","contentUrl":"https:\/\/s.w.org\/images\/core\/emoji\/17.0.2\/svg\/2714.svg"},{"@type":"BreadcrumbList","@id":"http:\/\/www.kptechnical.pl\/?page_id=36#breadcrumb","itemListElement":[{"@type":"ListItem","position":1,"name":"Strona g\u0142\u00f3wna","item":"http:\/\/www.kptechnical.pl\/"},{"@type":"ListItem","position":2,"name":"Oferta"}]},{"@type":"WebSite","@id":"http:\/\/www.kptechnical.pl\/#website","url":"http:\/\/www.kptechnical.pl\/","name":"","description":"","potentialAction":[{"@type":"SearchAction","target":{"@type":"EntryPoint","urlTemplate":"http:\/\/www.kptechnical.pl\/?s={search_term_string}"},"query-input":{"@type":"PropertyValueSpecification","valueRequired":true,"valueName":"search_term_string"}}],"inLanguage":"pl-PL"}]}},"_links":{"self":[{"href":"https:\/\/www.kptechnical.pl\/index.php?rest_route=\/wp\/v2\/pages\/36","targetHints":{"allow":["GET"]}}],"collection":[{"href":"https:\/\/www.kptechnical.pl\/index.php?rest_route=\/wp\/v2\/pages"}],"about":[{"href":"https:\/\/www.kptechnical.pl\/index.php?rest_route=\/wp\/v2\/types\/page"}],"author":[{"embeddable":true,"href":"https:\/\/www.kptechnical.pl\/index.php?rest_route=\/wp\/v2\/users\/1"}],"replies":[{"embeddable":true,"href":"https:\/\/www.kptechnical.pl\/index.php?rest_route=%2Fwp%2Fv2%2Fcomments&post=36"}],"version-history":[{"count":10,"href":"https:\/\/www.kptechnical.pl\/index.php?rest_route=\/wp\/v2\/pages\/36\/revisions"}],"predecessor-version":[{"id":149,"href":"https:\/\/www.kptechnical.pl\/index.php?rest_route=\/wp\/v2\/pages\/36\/revisions\/149"}],"wp:attachment":[{"href":"https:\/\/www.kptechnical.pl\/index.php?rest_route=%2Fwp%2Fv2%2Fmedia&parent=36"}],"curies":[{"name":"wp","href":"https:\/\/api.w.org\/{rel}","templated":true}]}}